{"id":577,"date":"2014-10-14T13:26:39","date_gmt":"2014-10-14T12:26:39","guid":{"rendered":"http:\/\/mech.fsid.cvut.cz\/?page_id=577"},"modified":"2024-11-01T09:32:32","modified_gmt":"2024-11-01T08:32:32","slug":"p-benes-mechanika-iii-a","status":"publish","type":"page","link":"https:\/\/mech.fsid.cvut.cz\/?page_id=577","title":{"rendered":"P.Bene\u0161 &#8211; Mechanika III\/IIIA"},"content":{"rendered":"<h3>Zad\u00e1n\u00ed D\u00da a v\u00fdsledky test\u016f:<\/h3>\n<ul>\n<li>seznam <a href=\"http:\/\/users.fs.cvut.cz\/petr.benes\/VYUKA\/mechanika\/me3_2024.pdf\" target=\"_blank\" rel=\"noopener\">ME 3<\/a><\/li>\n<li><a href=\"http:\/\/moodle.fs.cvut.cz\/course\/view.php?id=159\" target=\"_blank\" rel=\"noopener\">1. D\u00da <\/a> (dole na str\u00e1nce &#8211; zad\u00e1n\u00ed je shodn\u00e9 s ME III, z obr\u00e1zkov\u00e9 \u010d\u00e1sti je to ten posledn\u00ed obr\u00e1zek ozna\u010den\u00fd &#8222;Dy&#8220; &#8211; dynamika)\n<ul>\n<li>netrv\u00e1m na v\u00fdpo\u010dtu v Matlabu<\/li>\n<li>refer\u00e1t mus\u00ed obsahovat uvoln\u011bn\u00ed t\u011bles,\u00a0sestaven\u00ed N-E rovnic a obr\u00e1zek s popisem vektorov\u00e9\u00a0smy\u010dky &#8211; viz. <a href=\"http:\/\/users.fs.cvut.cz\/petr.benes\/VYUKA\/mechanika\/dresic.pdf\" target=\"_blank\" rel=\"noopener\">strany 1, 5, 6<\/a><\/li>\n<li>pokud odevzd\u00e1te funk\u010dn\u00ed program, sta\u010d\u00ed k n\u011bmu jen obr\u00e1zky s uvoln\u011bn\u00edm t\u011bles<\/li>\n<\/ul>\n<\/li>\n<li><a href=\"http:\/\/moodle.fs.cvut.cz\/course\/view.php?id=160\" target=\"_blank\" rel=\"noopener\">2. D\u00da <\/a> (dole na str\u00e1nce)\n<ul>\n<li>c\u00edlem je sestavit VPR &#8211; <a href=\"http:\/\/users.fs.cvut.cz\/petr.benes\/VYUKA\/mechanika\/lr2druhu.pdf\">vzor<\/a><\/li>\n<li>netrv\u00e1m na integraci v Matlabu<\/li>\n<li>pokud budou kinematick\u00e9 rovnice p\u0159\u00edli\u0161 slo\u017eit\u00e9 pro v\u00fdpo\u010det derivac\u00ed, tak v\u00fdpo\u010det alespo\u0148 nazna\u010dte<\/li>\n<\/ul>\n<\/li>\n<li><a href=\"http:\/\/moodle.fs.cvut.cz\/course\/view.php?id=160\" target=\"_blank\" rel=\"noopener\">3. D\u00da <\/a> (dole na str\u00e1nce)\n<ul>\n<li>vzorov\u00fd <a href=\"http:\/\/users.fs.cvut.cz\/petr.benes\/VYUKA\/mechanika\/kmitani_se_dvema.pdf\">p\u0159\u00edklad<\/a><\/li>\n<li><a href=\"http:\/\/users.fs.cvut.cz\/petr.benes\/VYUKA\/mechanika\/dvehmoty2.m\">program<\/a> v Matlabu<\/li>\n<li>samotn\u00e9 voln\u00e9 kmity \u0159e\u0161it nemus\u00edte, sta\u010d\u00ed celkov\u00e9 \u0159e\u0161en\u00ed<\/li>\n<\/ul>\n<\/li>\n<\/ul>\n<h3>Neofici\u00e1ln\u00ed v\u00fdukov\u00e9 podklady:<\/h3>\n<ul>\n<li><a href=\"http:\/\/users.fs.cvut.cz\/petr.benes\/VYUKA\/mechanika\/evolventni_kyvadlo.pdf\" target=\"_blank\" rel=\"noopener\">hmotn\u00fd bod<\/a><\/li>\n<li>dynamika t\u011blesa:\n<ul>\n<li><a href=\"http:\/\/users.fs.cvut.cz\/petr.benes\/VYUKA\/mechanika\/dyn_telesa_valec_na_valci.pdf\" target=\"_blank\" rel=\"noopener\">p\u0159\u00edklad 2D<\/a><\/li>\n<li><a href=\"http:\/\/users.fs.cvut.cz\/petr.benes\/VYUKA\/mechanika\/newton_euler_3d.pdf\" target=\"_blank\" rel=\"noopener\">p\u0159\u00edklad 3D<\/a> (N-E rovnice v prostoru)<\/li>\n<\/ul>\n<\/li>\n<li>vyva\u017eov\u00e1n\u00ed &#8211; <a href=\"http:\/\/users.fs.cvut.cz\/petr.benes\/VYUKA\/mechanika\/vyvazovani_obecne.pdf\">obecn\u011b<\/a>, <a href=\"http:\/\/users.fs.cvut.cz\/petr.benes\/VYUKA\/mechanika\/vyvazovani_priklad.pdf\">p\u0159\u00edklad<\/a><\/li>\n<li><a href=\"http:\/\/users.fs.cvut.cz\/petr.benes\/VYUKA\/mechanika\/setrvacniky.pdf\">setrva\u010dn\u00edky<\/a><\/li>\n<li>dynamika soustavy t\u011bles:\n<ul>\n<li><a href=\"http:\/\/users.fs.cvut.cz\/petr.benes\/VYUKA\/mechanika\/dresic.pdf\" target=\"_blank\" rel=\"noopener\">dresic<\/a> (jako 1. D\u00da &#8211; hlavn\u011b strany 5, 6)<\/li>\n<li><a href=\"http:\/\/users.fs.cvut.cz\/petr.benes\/VYUKA\/mechanika\/dyn_soustava_teles.pdf\" target=\"_blank\" rel=\"noopener\">soustava s jednou smy\u010dkou<\/a><\/li>\n<li><a href=\"http:\/\/users.fs.cvut.cz\/petr.benes\/VYUKA\/mechanika\/dyn_soustava_pasiv_ucinky.pdf\" target=\"_blank\" rel=\"noopener\">soustava s pasivn\u00edmi \u00fa\u010dinky<\/a><\/li>\n<\/ul>\n<\/li>\n<li><a href=\"http:\/\/users.fs.cvut.cz\/petr.benes\/VYUKA\/mechanika\/princip_virtualnich_praci.pdf\">princip virtualn\u00edch prac\u00ed<\/a><\/li>\n<li>Lagrangeovy rovnice <a href=\"http:\/\/users.fs.cvut.cz\/petr.benes\/VYUKA\/mechanika\/lr2druhu.pdf\">II. druhu<\/a>\n<ul>\n<li><a href=\"http:\/\/users.fs.cvut.cz\/petr.benes\/VYUKA\/mechanika\/lr2druhu_priklad2.pdf\">p\u0159\u00edklad 2<\/a><\/li>\n<li><a href=\"http:\/\/users.fs.cvut.cz\/petr.benes\/VYUKA\/mechanika\/lr2druhu_priklad3.pdf\">p\u0159\u00edklad 3<\/a><\/li>\n<li><a href=\"http:\/\/users.fs.cvut.cz\/petr.benes\/VYUKA\/mechanika\/lr2druhu_priklad4.pdf\">p\u0159\u00edklad 4<\/a><\/li>\n<\/ul>\n<\/li>\n<li><a href=\"http:\/\/users.fs.cvut.cz\/petr.benes\/VYUKA\/mechanika\/metoda_redukce.pdf\">metoda redukce<\/a>\n<ul>\n<li><a href=\"http:\/\/users.fs.cvut.cz\/petr.benes\/VYUKA\/mechanika\/metoda_redukce_priklad2.pdf\">p\u0159\u00edklad 2<\/a><\/li>\n<li><a href=\"http:\/\/users.fs.cvut.cz\/petr.benes\/VYUKA\/mechanika\/metoda_redukce_priklad3.pdf\">p\u0159\u00edklad 3<\/a><\/li>\n<\/ul>\n<\/li>\n<li>kmit\u00e1n\u00ed s jedn\u00edm stupn\u011bm volnosti:\n<ul>\n<li><a href=\"http:\/\/users.fs.cvut.cz\/petr.benes\/VYUKA\/mechanika\/kmitani_ventil.pdf\" target=\"_blank\" rel=\"noopener\">p\u0159\u00edklad<\/a> ze cvi\u010den\u00ed 3.12.<\/li>\n<li><a href=\"http:\/\/users.fs.cvut.cz\/petr.benes\/VYUKA\/mechanika\/kmitani_vynucene.pdf\" target=\"_blank\" rel=\"noopener\">vynucen\u00e9 kmit\u00e1n\u00ed<\/a><\/li>\n<li>kmit\u00e1n\u00ed s <a href=\"http:\/\/users.fs.cvut.cz\/petr.benes\/VYUKA\/mechanika\/kmitani_kinebuz.pdf\" target=\"_blank\" rel=\"noopener\">kinematick\u00fdm buzen\u00edm<\/a><\/li>\n<li>kmit\u00e1n\u00ed <a href=\"http:\/\/users.fs.cvut.cz\/petr.benes\/VYUKA\/mechanika\/kmitani_nevyvazkem.pdf\" target=\"_blank\" rel=\"noopener\">buzen\u00e9 rotuj\u00edc\u00edm nev\u00fdva\u017ekem<\/a><\/li>\n<li>kmit\u00e1n\u00ed <a href=\"http:\/\/users.fs.cvut.cz\/petr.benes\/VYUKA\/mechanika\/kmitani_period_silou.pdf\" target=\"_blank\" rel=\"noopener\">buzen\u00e9 periodickou silou obecn\u00e9ho tvaru<\/a><\/li>\n<li><a href=\"http:\/\/users.fs.cvut.cz\/petr.benes\/VYUKA\/mechanika\/kmitani_volne_a_dekrement.pdf\" target=\"_blank\" rel=\"noopener\">voln\u00e9 kmity a logaritmick\u00fd dekrement<\/a><\/li>\n<\/ul>\n<\/li>\n<li>kmit\u00e1n\u00ed se dv\u011bma stupni volnosti:\n<ul>\n<li><a href=\"http:\/\/users.fs.cvut.cz\/petr.benes\/VYUKA\/mechanika\/kmitani_se_dvema.pdf\" target=\"_blank\" rel=\"noopener\">p\u0159\u00edklad 1<\/a><\/li>\n<li><a href=\"http:\/\/users.fs.cvut.cz\/petr.benes\/VYUKA\/mechanika\/kmitani_se_dvema_2.pdf\" target=\"_blank\" rel=\"noopener\">p\u0159\u00edklad 2<\/a><\/li>\n<li><a href=\"http:\/\/users.fs.cvut.cz\/petr.benes\/VYUKA\/mechanika\/kmitani_se_dvema_3.pdf\" target=\"_blank\" rel=\"noopener\">p\u0159\u00edklad 3<\/a><\/li>\n<li><a href=\"http:\/\/users.fs.cvut.cz\/petr.benes\/VYUKA\/mechanika\/pricinky.pdf\" target=\"_blank\" rel=\"noopener\">nosn\u00edk<\/a><\/li>\n<li><a href=\"http:\/\/users.fs.cvut.cz\/petr.benes\/VYUKA\/mechanika\/kritickeotacky.pdf\" target=\"_blank\" rel=\"noopener\">kritick\u00e9 ot\u00e1\u010dky<\/a><\/li>\n<li>tabulka <a href=\"http:\/\/users.fs.cvut.cz\/petr.benes\/VYUKA\/mechanika\/pricinkovecinitele.pdf\" target=\"_blank\" rel=\"noopener\">p\u0159\u00ed\u010dinkov\u00fdch \u010dinitel\u016f<\/a><\/li>\n<\/ul>\n<\/li>\n<li><a href=\"http:\/\/users.fs.cvut.cz\/petr.benes\/VYUKA\/mechanika\/stabilita.pdf\" target=\"_blank\" rel=\"noopener\">stabilita<\/a><\/li>\n<li><a href=\"http:\/\/users.fs.cvut.cz\/petr.benes\/VYUKA\/mechanika\/razy.pdf\" target=\"_blank\" rel=\"noopener\">r\u00e1zy<\/a><\/li>\n<\/ul>\n","protected":false},"excerpt":{"rendered":"<p>Zad\u00e1n\u00ed D\u00da a v\u00fdsledky test\u016f: seznam ME 3 1. D\u00da (dole na str\u00e1nce &#8211; zad\u00e1n\u00ed je shodn\u00e9 s ME III, z obr\u00e1zkov\u00e9 \u010d\u00e1sti je to ten posledn\u00ed obr\u00e1zek ozna\u010den\u00fd &#8222;Dy&#8220; &#8211; dynamika) netrv\u00e1m na v\u00fdpo\u010dtu v Matlabu refer\u00e1t mus\u00ed obsahovat uvoln\u011bn\u00ed t\u011bles,\u00a0sestaven\u00ed N-E rovnic a obr\u00e1zek s popisem vektorov\u00e9\u00a0smy\u010dky &#8211; viz. strany 1, 5, 6 &hellip; <a href=\"https:\/\/mech.fsid.cvut.cz\/?page_id=577\" class=\"more-link\">Pokra\u010dov\u00e1n\u00ed textu <span class=\"screen-reader-text\">P.Bene\u0161 &#8211; Mechanika III\/IIIA<\/span> <span class=\"meta-nav\">&rarr;<\/span><\/a><\/p>\n","protected":false},"author":3,"featured_media":0,"parent":107,"menu_order":20,"comment_status":"closed","ping_status":"closed","template":"","meta":{"footnotes":""},"class_list":["post-577","page","type-page","status-publish","hentry"],"_links":{"self":[{"href":"https:\/\/mech.fsid.cvut.cz\/index.php?rest_route=\/wp\/v2\/pages\/577","targetHints":{"allow":["GET"]}}],"collection":[{"href":"https:\/\/mech.fsid.cvut.cz\/index.php?rest_route=\/wp\/v2\/pages"}],"about":[{"href":"https:\/\/mech.fsid.cvut.cz\/index.php?rest_route=\/wp\/v2\/types\/page"}],"author":[{"embeddable":true,"href":"https:\/\/mech.fsid.cvut.cz\/index.php?rest_route=\/wp\/v2\/users\/3"}],"replies":[{"embeddable":true,"href":"https:\/\/mech.fsid.cvut.cz\/index.php?rest_route=%2Fwp%2Fv2%2Fcomments&post=577"}],"version-history":[{"count":39,"href":"https:\/\/mech.fsid.cvut.cz\/index.php?rest_route=\/wp\/v2\/pages\/577\/revisions"}],"predecessor-version":[{"id":1392,"href":"https:\/\/mech.fsid.cvut.cz\/index.php?rest_route=\/wp\/v2\/pages\/577\/revisions\/1392"}],"up":[{"embeddable":true,"href":"https:\/\/mech.fsid.cvut.cz\/index.php?rest_route=\/wp\/v2\/pages\/107"}],"wp:attachment":[{"href":"https:\/\/mech.fsid.cvut.cz\/index.php?rest_route=%2Fwp%2Fv2%2Fmedia&parent=577"}],"curies":[{"name":"wp","href":"https:\/\/api.w.org\/{rel}","templated":true}]}}